{"id":1408,"date":"2023-03-10T10:30:27","date_gmt":"2023-03-10T16:30:27","guid":{"rendered":"https:\/\/chevroletriogrande.com\/blog\/?page_id=1408"},"modified":"2023-03-02T09:39:07","modified_gmt":"2023-03-02T15:39:07","slug":"onstar-seguridad-asistencia-y-conectividad-24-7","status":"publish","type":"page","link":"https:\/\/chevroletriogrande.com\/blog\/onstar-seguridad-asistencia-y-conectividad-24-7\/","title":{"rendered":"OnStar: Seguridad, Asistencia y Conectividad 24\/7"},"content":{"rendered":"<p><span style=\"font-weight: 400;\">En Chevrolet equipamos nuestros autos con lo \u00faltimo en tecnolog\u00eda, para recuperarlos de manera \u00e1gil en caso de robo, ofrecer asistencia personalizada 24\/7 ante cualquier emergencia o accidente en el camino y disfrutar de una conexi\u00f3n total con el veh\u00edculo desde un dispositivo m\u00f3vil en tiempo real.<\/span><\/p>\n<p>&nbsp;<\/p>\n<p><span style=\"font-weight: 400;\">Adem\u00e1s cuenta con servicios como:\u00a0<\/span><\/p>\n<p>&nbsp;<\/p>\n<ul>\n<li style=\"font-weight: 400;\" aria-level=\"1\"><span style=\"font-weight: 400;\">Asistencia 24\/7:<\/span><\/li>\n<\/ul>\n<p><span style=\"font-weight: 400;\">Ante cualquier imprevisto, s\u00f3lo presiona el bot\u00f3n Azul de OnStar\u00ae y un asesor estar\u00e1 listo para ayudarte.<\/span><\/p>\n<p>&nbsp;<\/p>\n<ul>\n<li style=\"font-weight: 400;\" aria-level=\"1\"><span style=\"font-weight: 400;\">Diagn\u00f3stico:<\/span><\/li>\n<\/ul>\n<p><span style=\"font-weight: 400;\">Recibe informaci\u00f3n sobre el estado de tu veh\u00edculo en tiempo real, para que siempre viajes seguro.<\/span><\/p>\n<p>&nbsp;<\/p>\n<ul>\n<li style=\"font-weight: 400;\" aria-level=\"1\"><span style=\"font-weight: 400;\">Seguridad:<\/span><\/li>\n<\/ul>\n<p><span style=\"font-weight: 400;\">En caso de alg\u00fan accidente nos conectamos a tu veh\u00edculo para enviarte servicios de emergencia, a\u00fan si t\u00fa no puedes solicitarlos.<\/span><\/p>\n<p>&nbsp;<\/p>\n<ul>\n<li style=\"font-weight: 400;\" aria-level=\"1\"><span style=\"font-weight: 400;\">Conectividad:\u00a0<\/span><\/li>\n<\/ul>\n<p><span style=\"font-weight: 400;\">Mantente conectado a tu veh\u00edculo con la app MyChevrolet y disfruta de un hotspot de Wi-Fi\u00ae en todos tus trayectos hasta para 7 pasajeros.<\/span><\/p>\n","protected":false},"excerpt":{"rendered":"<p>En Chevrolet equipamos nuestros autos con lo \u00faltimo en tecnolog\u00eda, para recuperarlos de manera \u00e1gil en caso de robo, ofrecer asistencia personalizada 24\/7 ante cualquier emergencia o accidente en el camino y disfrutar de una conexi\u00f3n total con el veh\u00edculo desde un dispositivo m\u00f3vil en&#8230;<\/p>\n","protected":false},"author":1,"featured_media":1409,"parent":0,"menu_order":0,"comment_status":"closed","ping_status":"closed","template":"","meta":{"footnotes":""},"class_list":["post-1408","page","type-page","status-publish","has-post-thumbnail","hentry"],"_links":{"self":[{"href":"https:\/\/chevroletriogrande.com\/blog\/wp-json\/wp\/v2\/pages\/1408","targetHints":{"allow":["GET"]}}],"collection":[{"href":"https:\/\/chevroletriogrande.com\/blog\/wp-json\/wp\/v2\/pages"}],"about":[{"href":"https:\/\/chevroletriogrande.com\/blog\/wp-json\/wp\/v2\/types\/page"}],"author":[{"embeddable":true,"href":"https:\/\/chevroletriogrande.com\/blog\/wp-json\/wp\/v2\/users\/1"}],"replies":[{"embeddable":true,"href":"https:\/\/chevroletriogrande.com\/blog\/wp-json\/wp\/v2\/comments?post=1408"}],"version-history":[{"count":1,"href":"https:\/\/chevroletriogrande.com\/blog\/wp-json\/wp\/v2\/pages\/1408\/revisions"}],"predecessor-version":[{"id":1410,"href":"https:\/\/chevroletriogrande.com\/blog\/wp-json\/wp\/v2\/pages\/1408\/revisions\/1410"}],"wp:featuredmedia":[{"embeddable":true,"href":"https:\/\/chevroletriogrande.com\/blog\/wp-json\/wp\/v2\/media\/1409"}],"wp:attachment":[{"href":"https:\/\/chevroletriogrande.com\/blog\/wp-json\/wp\/v2\/media?parent=1408"}],"curies":[{"name":"wp","href":"https:\/\/api.w.org\/{rel}","templated":true}]}}