{"id":1424,"date":"2023-04-21T12:00:53","date_gmt":"2023-04-21T18:00:53","guid":{"rendered":"https:\/\/chevroletriogrande.com\/blog\/?page_id=1424"},"modified":"2023-04-12T10:52:56","modified_gmt":"2023-04-12T16:52:56","slug":"ventajas-de-adquirir-un-chevrolet","status":"publish","type":"page","link":"https:\/\/chevroletriogrande.com\/blog\/ventajas-de-adquirir-un-chevrolet\/","title":{"rendered":"Ventajas de adquirir un Chevrolet"},"content":{"rendered":"<p><span style=\"font-weight: 400;\">Algunas de las ventajas que obtendr\u00e1s al comprar un Chevrolet son:<\/span><\/p>\n<ol>\n<li style=\"font-weight: 400;\" aria-level=\"1\"><span style=\"font-weight: 400;\">Variedad de modelos: Chevrolet ofrece una amplia gama de modelos de veh\u00edculos, desde autos compactos hasta camiones y SUVs de gran tama\u00f1o. Esto significa que hay una gran variedad de opciones para elegir, y es m\u00e1s probable que encuentres un veh\u00edculo que se adapte a tus necesidades y presupuesto.<\/span><\/li>\n<li style=\"font-weight: 400;\" aria-level=\"1\"><span style=\"font-weight: 400;\">Fiabilidad: Chevrolet ha construido una reputaci\u00f3n como una marca de veh\u00edculos fiables y duraderos. Sus veh\u00edculos est\u00e1n dise\u00f1ados y construidos para durar, y muchos conductores han tenido experiencias positivas con la durabilidad de sus Chevrolet.<\/span><\/li>\n<li style=\"font-weight: 400;\" aria-level=\"1\"><span style=\"font-weight: 400;\">Tecnolog\u00eda: Chevrolet es una marca que ha estado a la vanguardia de la tecnolog\u00eda automotriz. Sus veh\u00edculos est\u00e1n equipados con una variedad de caracter\u00edsticas tecnol\u00f3gicas, como sistemas de infoentretenimiento avanzados, opciones de conectividad y asistentes de seguridad.<\/span><\/li>\n<li style=\"font-weight: 400;\" aria-level=\"1\"><span style=\"font-weight: 400;\">Servicio y soporte: Chevrolet cuenta con una amplia red de distribuidores y talleres de servicio autorizados en todo el mundo. Esto significa que, si tienes alg\u00fan problema con tu veh\u00edculo, es probable que puedas encontrar un centro de servicio cerca de ti y obtener el soporte que necesitas.<\/span><\/li>\n<li style=\"font-weight: 400;\" aria-level=\"1\"><span style=\"font-weight: 400;\">Precios atractivos: Chevrolet ofrece una buena relaci\u00f3n calidad-precio en muchos de sus veh\u00edculos. Sus modelos son a menudo menos costosos que los de algunas otras marcas, lo que los convierte en una opci\u00f3n atractiva para los compradores que buscan un buen valor.<\/span><\/li>\n<\/ol>\n","protected":false},"excerpt":{"rendered":"<p>Algunas de las ventajas que obtendr\u00e1s al comprar un Chevrolet son: Variedad de modelos: Chevrolet ofrece una amplia gama de modelos de veh\u00edculos, desde autos compactos hasta camiones y SUVs de gran tama\u00f1o. Esto significa que hay una gran variedad de opciones para elegir, y&#8230;<\/p>\n","protected":false},"author":1,"featured_media":1425,"parent":0,"menu_order":0,"comment_status":"closed","ping_status":"closed","template":"","meta":{"footnotes":""},"class_list":["post-1424","page","type-page","status-publish","has-post-thumbnail","hentry"],"_links":{"self":[{"href":"https:\/\/chevroletriogrande.com\/blog\/wp-json\/wp\/v2\/pages\/1424","targetHints":{"allow":["GET"]}}],"collection":[{"href":"https:\/\/chevroletriogrande.com\/blog\/wp-json\/wp\/v2\/pages"}],"about":[{"href":"https:\/\/chevroletriogrande.com\/blog\/wp-json\/wp\/v2\/types\/page"}],"author":[{"embeddable":true,"href":"https:\/\/chevroletriogrande.com\/blog\/wp-json\/wp\/v2\/users\/1"}],"replies":[{"embeddable":true,"href":"https:\/\/chevroletriogrande.com\/blog\/wp-json\/wp\/v2\/comments?post=1424"}],"version-history":[{"count":1,"href":"https:\/\/chevroletriogrande.com\/blog\/wp-json\/wp\/v2\/pages\/1424\/revisions"}],"predecessor-version":[{"id":1426,"href":"https:\/\/chevroletriogrande.com\/blog\/wp-json\/wp\/v2\/pages\/1424\/revisions\/1426"}],"wp:featuredmedia":[{"embeddable":true,"href":"https:\/\/chevroletriogrande.com\/blog\/wp-json\/wp\/v2\/media\/1425"}],"wp:attachment":[{"href":"https:\/\/chevroletriogrande.com\/blog\/wp-json\/wp\/v2\/media?parent=1424"}],"curies":[{"name":"wp","href":"https:\/\/api.w.org\/{rel}","templated":true}]}}