{"id":1462,"date":"2023-06-28T12:00:49","date_gmt":"2023-06-28T18:00:49","guid":{"rendered":"https:\/\/chevroletriogrande.com\/blog\/?page_id=1462"},"modified":"2023-05-31T09:03:36","modified_gmt":"2023-05-31T15:03:36","slug":"futuro-electrico","status":"publish","type":"page","link":"https:\/\/chevroletriogrande.com\/blog\/futuro-electrico\/","title":{"rendered":"Futuro El\u00e9ctrico"},"content":{"rendered":"<p><span style=\"font-weight: 400;\">El futuro el\u00e9ctrico se ve como la nueva Chevrolet Bolt EUV. Elegante, interior amplio, brillante, estilo y mayor comodidad es lo que obtendr\u00e1s con esta nueva Chevrolet 100% el\u00e9ctrica.\u00a0<\/span><\/p>\n<p><span style=\"font-weight: 400;\">Descubre algunos de los beneficios que obtienes al ser el due\u00f1o de un vehiculo 100% electrico Chevrolet:<\/span><\/p>\n<p><span style=\"font-weight: 400;\">-Desp\u00eddete de la gasolina: <\/span><span style=\"font-weight: 400;\">C\u00e1rgalo mientras compras, duermes, trabajas o haces cualquier otra cosa con tu tiempo. Chevrolet te ofrece un cargador de doble puerto, el cual puede ser intercambiado para carga de 120V y 240V, y as\u00ed eliminar la necesidad de un cargador de pared adicional<\/span><\/p>\n<p><span style=\"font-weight: 400;\">-Garant\u00eda que te mantiene protegido en el camino: Disfruta de la seguridad de la garant\u00eda defensa a defensa por 3 a\u00f1os o 60,000 Kil\u00f3metros y la garant\u00eda de bater\u00eda est\u00e1 cubierta durante de 8 a\u00f1os o 160,000 Kil\u00f3metros<\/span><\/p>\n<p><span style=\"font-weight: 400;\">-Kilometro a kilometro estamos contigo: Garant\u00eda de bater\u00eda de 8 a\u00f1os o 160,000 km, Optimizamos el mantenimiento, Asistencia en el camino 24\/7, Asistencia Personalizada OnStar\u00ae 24\/7<\/span><\/p>\n<p><span style=\"font-weight: 400;\">Entre otros. <\/span><\/p>\n","protected":false},"excerpt":{"rendered":"<p>El futuro el\u00e9ctrico se ve como la nueva Chevrolet Bolt EUV. Elegante, interior amplio, brillante, estilo y mayor comodidad es lo que obtendr\u00e1s con esta nueva Chevrolet 100% el\u00e9ctrica.\u00a0 Descubre algunos de los beneficios que obtienes al ser el due\u00f1o de un vehiculo 100% electrico&#8230;<\/p>\n","protected":false},"author":1,"featured_media":1463,"parent":0,"menu_order":0,"comment_status":"closed","ping_status":"closed","template":"","meta":{"footnotes":""},"class_list":["post-1462","page","type-page","status-publish","has-post-thumbnail","hentry"],"_links":{"self":[{"href":"https:\/\/chevroletriogrande.com\/blog\/wp-json\/wp\/v2\/pages\/1462","targetHints":{"allow":["GET"]}}],"collection":[{"href":"https:\/\/chevroletriogrande.com\/blog\/wp-json\/wp\/v2\/pages"}],"about":[{"href":"https:\/\/chevroletriogrande.com\/blog\/wp-json\/wp\/v2\/types\/page"}],"author":[{"embeddable":true,"href":"https:\/\/chevroletriogrande.com\/blog\/wp-json\/wp\/v2\/users\/1"}],"replies":[{"embeddable":true,"href":"https:\/\/chevroletriogrande.com\/blog\/wp-json\/wp\/v2\/comments?post=1462"}],"version-history":[{"count":1,"href":"https:\/\/chevroletriogrande.com\/blog\/wp-json\/wp\/v2\/pages\/1462\/revisions"}],"predecessor-version":[{"id":1464,"href":"https:\/\/chevroletriogrande.com\/blog\/wp-json\/wp\/v2\/pages\/1462\/revisions\/1464"}],"wp:featuredmedia":[{"embeddable":true,"href":"https:\/\/chevroletriogrande.com\/blog\/wp-json\/wp\/v2\/media\/1463"}],"wp:attachment":[{"href":"https:\/\/chevroletriogrande.com\/blog\/wp-json\/wp\/v2\/media?parent=1462"}],"curies":[{"name":"wp","href":"https:\/\/api.w.org\/{rel}","templated":true}]}}